{"id":3,"date":"2022-11-04T16:49:28","date_gmt":"2022-11-04T15:49:28","guid":{"rendered":"https:\/\/ignacytrzewiczek.com\/pl\/?page_id=3"},"modified":"2022-11-07T13:52:36","modified_gmt":"2022-11-07T12:52:36","slug":"polityka-prywatnosci","status":"publish","type":"page","link":"https:\/\/ignacytrzewiczek.com\/pl\/polityka-prywatnosci\/","title":{"rendered":"Polityka prywatno\u015bci"},"content":{"rendered":"\r\n<h1 class=\"wp-block-heading\"><b>POLITYKA PRYWATNO\u015aCI I PLIK\u00d3W COOKIES<\/b><\/h1>\r\n<h4><b>(obowi\u0105zuje od 25 maja 2018 roku)<\/b><\/h4>\r\n<p>Niniejsza polityka prywatno\u015bci i plik\u00f3w cookies opisuje zasady przetwarzania i post\u0119powania z danymi osobowymi oraz wykorzystywania plik\u00f3w cookies oraz innych technologii w ramach strony internetowej https:\/\/ignacytrzewiczek.com\/pl\/<\/p>\r\n<p>Zabezpieczenie Twoich danych osobowych ma dla nas wysoki priorytet! Je\u017celi tutaj trafi\u0142e\u015b, to znak, \u017ce cenisz swoj\u0105 prywatno\u015b\u0107. Doskonale to rozumiemy, dlatego poni\u017cej przedstawimy Ci szereg informacji i zasad, kt\u00f3rymi si\u0119 kierujemy przy przetwarzaniu Twoich danych osobowych.<\/p>\r\n<p>Administratorem strony jest\u00a0<b>Portal Games Sp\u00f3\u0142ka z ograniczon\u0105 odpowiedzialno\u015bci\u0105<\/b>\u00a0z siedzib\u0105 w Knurowie (44 \u2013 190 Knur\u00f3w), przy ul. Sienkiewicza 13, wpisana do rejestru przedsi\u0119biorc\u00f3w Krajowego Rejestru S\u0105dowego prowadzonego przez S\u0105d Rejonowy w Gliwicach, X Wydzia\u0142 Gospodarczy Krajowego Rejestru S\u0105dowego pod numerem KRS 0000617095, NIP 6312660554, REGON 363435596, posiadaj\u0105ca kapita\u0142 zak\u0142adowy w wysoko\u015bci 266 500,00 z\u0142, op\u0142acony w ca\u0142o\u015bci. W razie jakichkolwiek pyta\u0144, czy w\u0105tpliwo\u015bci zwi\u0105zanych z polityk\u0105 prywatno\u015bci, w ka\u017cdej chwili mo\u017cesz si\u0119 z nami skontaktowa\u0107, wysy\u0142aj\u0105c wiadomo\u015b\u0107 na adres e-mail:\u00a0<a href=\"mailto:portal@portalgames.pl\">portal@portalgames.pl<\/a>\u00a0lub pisemnie na adres: Portal Games Sp. z o.o., ul. Sienkiewicza 13, 44-190 Knur\u00f3w, Polska.<\/p>\r\n<h2><b>I. OCHRONA DANYCH OSOBOWYCH<\/b><\/h2>\r\n<h3><b>I. Dane Administratora Danych Osobowych.<\/b><\/h3>\r\n<p>Uprzejmie informujemy, \u017ce administratorem Twoich danych osobowych jest Portal Games Sp\u00f3\u0142ka z ograniczon\u0105 odpowiedzialno\u015bci\u0105 z siedzib\u0105\u00a0 w Knurowie (44 \u2013 190 Knur\u00f3w), przy ul. Sienkiewicza 13, wpisana do rejestru przedsi\u0119biorc\u00f3w Krajowego Rejestru S\u0105dowego prowadzonego przez S\u0105d Rejonowy w Gliwicach, X Wydzia\u0142 Gospodarczy Krajowego Rejestru S\u0105dowego pod numerem KRS 0000617095, NIP 6312660554, REGON 363435596. Kontakt z nami w sprawie ochrony Twoich danych osobowych jest mo\u017cliwy pod adresem e-mail:\u00a0<a href=\"mailto:portal@portalgames.pl\">portal@portalgames.pl<\/a>\u00a0lub pisemnie na adres: Portal Games Sp. z o.o., ul. Sienkiewicza 13, 44-190 Knur\u00f3w, Polska.<\/p>\r\n<h3><b>II. Cele i podstawy prawne przetwarzania oraz okres przetwarzania danych osobowych.<\/b><\/h3>\r\n<p>Aby \u015bwiadczy\u0107 us\u0142ugi zgodnie z profilem naszej dzia\u0142alno\u015bci, przetwarzamy Twoje dane osobowe w r\u00f3\u017cnych celach, jednak zawsze zgodnie z prawem. Wyszczeg\u00f3lnione cele i podstawy prawne oraz okres przetwarzania wskazane s\u0105 odr\u0119bnie w stosunku do ka\u017cdego celu przetwarzania danych.<\/p>\r\n<h4><b>Konto u\u017cytkownika (e-sklep).<\/b><\/h4>\r\n<p>Zak\u0142adaj\u0105c konto u\u017cytkownika, musisz poda\u0107 sw\u00f3j adres e-mail, imi\u0119 i nazwisko oraz zdefiniowa\u0107 has\u0142o do konta. Podanie danych jest dobrowolne, ale niezb\u0119dne do za\u0142o\u017cenia konta. Na etapie zak\u0142adania konta, b\u0105d\u017a ju\u017c w ramach edycji profilu u\u017cytkownika mo\u017cesz poda\u0107 dodatkowe dane na sw\u00f3j temat, tj. adres rozliczeniowy, adres do wysy\u0142ki, numer telefonu, dane firmy (nazwa firmy, NIP, adres siedziby). Podanie tych danych jest ca\u0142kowicie dobrowolne. Mo\u017cesz posiada\u0107 konto, nie podaj\u0105c dodatkowych danych. W takiej sytuacji, sk\u0142adaj\u0105c zam\u00f3wienie b\u0119dziesz musia\u0142 wprowadzi\u0107 dodatkowe dane.<\/p>\r\n<p>Dane wprowadzone przez Ciebie w ramach konta u\u017cytkownika przetwarzane s\u0105 wy\u0142\u0105cznie w celu utrzymywania konta i zapewnienia Ci mo\u017cliwo\u015bci korzystania z niego. Podanie danych w koncie u\u017cytkownika ma za zadanie u\u0142atwi\u0107 Ci sk\u0142adanie zam\u00f3wie\u0144 w sklepie poprzez automatyczne podstawienie danych do formularza zam\u00f3wienia.<\/p>\r\n<p>Podstaw\u0105 prawn\u0105 przetwarzania Twoich danych osobowych w ramach konta u\u017cytkownika jest realizacja umowy o prowadzenie konta, kt\u00f3r\u0105 zawierasz na podstawie regulaminu sklepu (art. 6 ust. 1 lit. b RODO). Twoje dane b\u0119d\u0105 przetwarzane w ramach konta tak d\u0142ugo, jak d\u0142ugo b\u0119dziesz posiada\u0107 konto u\u017cytkownika. Po usuni\u0119ciu konta, Twoje dane zostan\u0105 usuni\u0119te z bazy, za wyj\u0105tkiem danych o z\u0142o\u017conych zam\u00f3wieniach.<\/p>\r\n<h4><b>Zam\u00f3wienia.<\/b><\/h4>\r\n<p>Sk\u0142adaj\u0105c zam\u00f3wienie (poprzez stron\u0119 www lub telefonicznie), musisz poda\u0107 dane niezb\u0119dne do realizacji zam\u00f3wienia, tj. imi\u0119 i nazwisko, adres rozliczeniowy, numer telefonu. Mo\u017cesz poda\u0107 te\u017c inny adres do wysy\u0142ki oraz dane firmy (nazwa firmy, NIP, adres siedziby). Przetwarzamy Twoje dane dotycz\u0105ce p\u0142atno\u015bci oraz numer IP. Podanie danych jest dobrowolne, ale niezb\u0119dne do z\u0142o\u017cenia zam\u00f3wienia.<\/p>\r\n<p>Dane przekazane nam w zwi\u0105zku z realizacj\u0105 zam\u00f3wienia, przetwarzane s\u0105 w celu:<\/p>\r\n<p>\u2013 wykonania umowy, czyli realizacji zam\u00f3wienia (art. 6 ust. 1 lit. b RODO \u2013 wykonanie umowy) \u2013 przez czas niezb\u0119dny do realizacji zam\u00f3wienia;<\/p>\r\n<p>\u2013 zapewnienia dostawy towar\u00f3w do wskazanego miejsca (art. 6 ust. 1 lit. b RODO \u2013 wykonanie umowy) \u2013 do up\u0142yni\u0119cia okresu, w kt\u00f3rym z\u0142o\u017cona mo\u017ce by\u0107 reklamacja na wykonanie dostawy, wskazanego w regulaminie wybranego dostawcy;<\/p>\r\n<p>\u2013 wykonania obowi\u0105zk\u00f3w prawnych w zakresie prowadzenia w\u0142a\u015bciwej dokumentacji ksi\u0119gowej (art. 6 ust. 1 lit. c RODO \u2013 realizacja obowi\u0105zku prawnego) \u2013 do up\u0142yni\u0119cia okres\u00f3w wskazanych w przepisach prawa podatkowego;<\/p>\r\n<p>\u2013 ustalenia, dochodzenia i obrony potencjalnych roszcze\u0144 (art. 6 ust. 1 lit. f RODO \u2013 prawnie uzasadniony interes administratora) \u2013 do up\u0142yni\u0119cia okresu przedawnienia roszcze\u0144;<\/p>\r\n<p>\u2013 a tak\u017ce w celach archiwalnych i statystycznych (art. 6 ust. 1 lit. f RODO \u2013 prawnie uzasadniony interes administratora).<\/p>\r\n<h4><b>Newsletter.<\/b><\/h4>\r\n<p>Je\u015bli chcesz zapisa\u0107 si\u0119 na nasz Newsletter, musisz przekaza\u0107 nam sw\u00f3j adres e-mail za po\u015brednictwem formularza do zapisu na Newsletter. Je\u015bli chcesz, aby\u015bmy zwracali si\u0119 do Ciebie po imieniu, mo\u017cesz poda\u0107 tak\u017ce swoje imi\u0119. Je\u015bli chcesz otrzymywa\u0107 informacje o wydarzeniach, jakie organizujemy w Twojej okolicy, mo\u017cesz poda\u0107 tak\u017ce miejscowo\u015b\u0107. Podanie danych oraz wyra\u017cenie zgody na ich przetwarzanie jest dobrowolne, nie jest wymogiem prawnym i mo\u017cesz odm\u00f3wi\u0107 wyra\u017cenia zgody. Brak zgody b\u0119dzie oznacza\u0142 niemo\u017cliwo\u015b\u0107 umieszczenia Ci\u0119 na li\u015bcie mailingowej i otrzymywania tre\u015bci marketingowych.<\/p>\r\n<p>Dane przekazane nam podczas zapisu na Newsletter wykorzystywane s\u0105 w celu przesy\u0142ania Ci drog\u0105 elektroniczn\u0105 Newslettera (otrzymywania od nas informacji handlowych i marketingowych o nowo\u015bciach i promocjach, o wyj\u0105tkowych produktach, zdarzeniach w sklepie, wydarzeniach organizowanych przez sklep i innych), a podstaw\u0105 prawn\u0105 ich przetwarzania jest Twoja zgoda (art. 6 ust. 1 lit. a RODO) wyra\u017cona podczas zapisywania si\u0119 do Newslettera.<\/p>\r\n<p>Odbiorc\u0105 Twoich danych jest Benhauer Sp. z o.o.\u00a0 z siedzib\u0105 w Krakowie przy ul. Grzeg\u00f3rzeckiej 21, 31-532 Krak\u00f3w (KRS 0000523346) \u2013 dostawca systemu SALESmanago s\u0142u\u017c\u0105cego do wysy\u0142ki Newslettera.\u00a0<\/p>\r\n<p>Twoje dane b\u0119d\u0105 przetwarzane przez czas funkcjonowania Newslettera, chyba \u017ce wcze\u015bniej zrezygnujesz z jego otrzymywania, co spowoduje usuni\u0119cie Twoich danych z bazy. Masz prawo odwo\u0142ania zgody; odwo\u0142anie zgody nie wp\u0142ywa na zgodno\u015b\u0107 z prawem dotychczasowego przetwarzania. W ka\u017cdej chwili mo\u017cesz zrezygnowa\u0107 z otrzymywania Newslettera. Link dezaktywuj\u0105cy zamieszczany jest w tre\u015bci ka\u017cdej wiadomo\u015bci e-mail wysy\u0142anej w ramach Newslettera. Mo\u017cesz r\u00f3wnie\u017c w tym celu skontaktowa\u0107 si\u0119 z nami pod adresem e-mail:\u00a0<a href=\"mailto:portal@portalgames.pl\">portal@portalgames.pl<\/a><\/p>\r\n<h4><b>Reklamacja i odst\u0105pienie od umowy.<\/b><\/h4>\r\n<p>Je\u017celi sk\u0142adasz reklamacj\u0119 lub odst\u0119pujesz od umowy, to przekazujesz nam dane osobowe zawarte w tre\u015bci reklamacji lub o\u015bwiadczeniu o odst\u0105pieniu od umowy, kt\u00f3re obejmuje imi\u0119, nazwisko, adres zamieszkania, numer telefonu, adres e-mail, numer rachunku bankowego (je\u017celi zwrot pieni\u0119dzy ma nast\u0105pi\u0107 na rachunek bankowy). Podstaw\u0119 do rozpatrzenia reklamacji stanowi przedstawienie paragonu lub faktury zakupu danego produktu.<\/p>\r\n<p>Dane przekazane nam w zwi\u0105zku ze z\u0142o\u017ceniem reklamacji lub odst\u0105pieniem od umowy wykorzystywane s\u0105 w celu realizacji procedury reklamacyjnej lub procedury odst\u0105pienia od umowy (art. 6 ust. 1 lit. c RODO). Dane b\u0119d\u0105 przetwarzane przez czas niezb\u0119dny do realizacji procedury reklamacyjnej lub procedury odst\u0105pienia, a nast\u0119pnie do up\u0142yni\u0119cia okresu przedawnienia roszcze\u0144. Reklamacje oraz o\u015bwiadczenia o odst\u0105pieniu od umowy mog\u0105 by\u0107 ponadto archiwizowane w celach statystycznych.<\/p>\r\n<h4><b>Kontakt e-mail\/kontakt telefoniczny\/formularz kontaktowy.<\/b><\/h4>\r\n<p>Kontaktuj\u0105c si\u0119 z nami za po\u015brednictwem poczty elektronicznej, telefonicznie lub przesy\u0142aj\u0105c zapytanie poprzez formularz kontaktowy, czy kontaktuj\u0105c si\u0119 przez jakikolwiek inny kana\u0142 komunikacyjny, przekazujesz nam swoje imi\u0119, nazwisko, adres e-mail jako adres nadawcy wiadomo\u015bci lub numer telefonu. Podanie przez Ciebie tych danych jest dobrowolne, ale konieczne do obs\u0142ugi Twojego zapytania.<\/p>\r\n<p>Twoje dane s\u0105 przetwarzane w celu obs\u0142ugi Twojego zapytania, a podstaw\u0105 ich przetwarzania jest Twoja zgoda wynikaj\u0105ca z zainicjowania z nami kontaktu (art. 6 ust. 1 lit. a RODO). Podstaw\u0105 prawn\u0105 przetwarzania po zako\u0144czeniu kontaktu jest usprawiedliwiony cel w postaci archiwizacji korespondencji na wypadek potrzeby wykazania jej przebiegu w przysz\u0142o\u015bci \u2013 podstaw\u0105 prawn\u0105 przetwarzania jest nasz prawnie uzasadniony interes dotycz\u0105cy ustalenia, dochodzenia i obrony potencjalnych roszcze\u0144 (art. 6 ust. 1 lit. c RODO).<\/p>\r\n<p>Twoje dane b\u0119d\u0105 przetwarzane do czasu zako\u0144czenia komunikacji z nami. Je\u017celi jednak uznamy, \u017ce przebieg komunikacji uzasadnia jej archiwizacj\u0119, Twoje dane mog\u0105 podlega\u0107 archiwizacji (np. w celu wykazania przebiegu korespondencji w przysz\u0142o\u015bci) \u2013 w tym wypadku b\u0119d\u0105 przetwarzane do up\u0142yni\u0119cia okresu przedawnienia roszcze\u0144.<\/p>\r\n<p>W ka\u017cdej chwili mo\u017cesz odwo\u0142a\u0107 swoj\u0105 zgod\u0119; odwo\u0142anie zgody nie wp\u0142ywa na zgodno\u015b\u0107 z prawem dotychczasowego przetwarzania.<\/p>\r\n<h3><b>III. Uprawnienia<\/b><\/h3>\r\n<p>RODO przyznaje Ci nast\u0119puj\u0105ce potencjalne uprawnienia zwi\u0105zane z przetwarzaniem Twoich danych osobowych:<br \/>1) prawo dost\u0119pu do danych osobowych, ich sprostowania, usuni\u0119cia, ograniczenia przetwarzania danych osobowych;<br \/>2) prawo do wniesienia sprzeciwu co do przetwarzania danych osobowych;<br \/>3) prawo do przenoszenia danych;<\/p>\r\n<p>4) prawo do odwo\u0142ania zgody na przetwarzanie danych osobowych, je\u017celi tak\u0105 zgod\u0119 wyrazi\u0142e\u015b i przetwarzanie danych odbywa si\u0119 na podstawie zgody (cofni\u0119cie zgody nie wp\u0142ywa na zgodno\u015b\u0107 z prawem dotychczasowego przetwarzania);<\/p>\r\n<p>5) prawo do wniesienia skargi do organu nadzorczego (Prezesa Urz\u0119du Ochrony Danych Osobowych) \u2013 je\u015bli uwa\u017casz, \u017ce przy przetwarzaniu Twoich danych osobowych dopu\u015bcili\u015bmy si\u0119 naruszenia przepis\u00f3w o ochronie danych osobowych.<\/p>\r\n<p>Pami\u0119taj jednak, \u017ce uprawnienia te nie s\u0105 bezwzgl\u0119dne i nie zawsze b\u0119dziesz m\u00f3g\u0142 z nich skorzysta\u0107. Aby dowiedzie\u0107 si\u0119 wi\u0119cej zapoznaj si\u0119 szczeg\u00f3\u0142owo z art. 16 \u2013 21 RODO, kt\u00f3re opisuj\u0105 zasady zwi\u0105zane z realizacj\u0105 powy\u017cszych uprawnie\u0144. Je\u015bli masz jakiekolwiek pytania lub w\u0105tpliwo\u015bci zwi\u0105zane z przetwarzaniem Twoich danych osobowych lub \u017c\u0105dania w zwi\u0105zku z przys\u0142uguj\u0105cymi Ci prawami, mo\u017cesz si\u0119 z nami skontaktowa\u0107 pod adresem e-mail:\u00a0<a href=\"mailto:portal@portalgames.pl\">portal@portalgames.pl<\/a>\u00a0lub pisemnie na adres: Portal Games Sp. z o.o., ul. Sienkiewicza 13, 44-190 Knur\u00f3w, Polska.<\/p>\r\n<h3><b>IV. Wym\u00f3g podania danych osobowych.<\/b><\/h3>\r\n<p>Podanie przez Ciebie danych osobowych jest dobrowolne, ale niezb\u0119dne do tego, aby spe\u0142ni\u0107 Twoje oczekiwania w zakresie skorzystania z wybranej us\u0142ugi\/funkcji (np. za\u0142o\u017cenia konta u\u017cytkownika, z\u0142o\u017cenia zam\u00f3wienia, zapisania si\u0119 na Newsletter, z\u0142o\u017cenia reklamacji, odst\u0105pienia od umowy, skontaktowania si\u0119 z nami, wzi\u0119cia udzia\u0142u w procesie rekrutacji).<\/p>\r\n<h3><b>V. Zautomatyzowane podejmowanie decyzji i profilowanie.<\/b><\/h3>\r\n<p>Informujemy, \u017ce nie dokonujemy zautomatyzowanego podejmowania decyzji, w tym w oparciu o profilowanie. Tre\u015b\u0107 zapytania, kt\u00f3ra jest przesy\u0142ana za po\u015brednictwem formularzy kontaktowych, nie podlega ocenie przez system informatyczny.<\/p>\r\n<h3><b>VI. Prywatno\u015b\u0107 dzieci.<\/b><\/h3>\r\n<p>Oferowane przez nas us\u0142ugi nie s\u0105 przeznaczone dla dzieci poni\u017cej 16 roku \u017cycia. Z tych wzgl\u0119d\u00f3w informujemy, \u017ce je\u015bli dowiemy si\u0119, \u017ce bez zgody opiekun\u00f3w prawnych przetwarzamy dane osobowe dzieci poni\u017cej 16 roku \u017cycia, w\u00f3wczas podejmiemy odpowiednie kroki w celu jak najszybszego usuni\u0119cia tych danych. Nie przetwarzamy \u015bwiadomie danych osobowych dzieci poni\u017cej 16 roku ich \u017cycia bez wa\u017cnej zgody ich opiekun\u00f3w prawnych.<\/p>\r\n<h3><b>VII. Odbiorcy danych.<\/b><\/h3>\r\n<p>Twoje dane osobowe mog\u0105 by\u0107 przetwarzane przez podmioty, z kt\u00f3rych us\u0142ug korzystamy przy przetwarzaniu danych i \u015bwiadczeniu us\u0142ug na Twoj\u0105 rzecz:<\/p>\r\n<p>1) firmom hostingowym \u2013 w celu przechowywania danych na serwerze, w tym serwerze skrzynki pocztowej;<br \/>2) dostawcy systemu mailingowego \u2013 w celu korzystania z systemu mailingowego, w kt\u00f3rym przetwarzane s\u0105 Twoje dane, je\u017celi zapisa\u0142e\u015b si\u0119 do Newslettera. (Ze wzgl\u0119du na korzystanie z systemu mailingowego Mailchimp, kt\u00f3ry korzysta z serwer\u00f3w znajduj\u0105cych si\u0119 poza Uni\u0105 Europejsk\u0105, dochodzi do przekazania Twoich danych osobowych do pa\u0144stwa trzeciego, jakim w tym wypadku s\u0105 Stany Zjednoczone Ameryki (USA). Nie obawiaj si\u0119 jednak, Twoje dane s\u0105 bezpieczne. Dostawca systemu mailingowego przyst\u0105pi\u0142 do programu Privacy Shield i gwarantuje odpowiedni poziom ochrony i bezpiecze\u0144stwa danych osobowych,\u00a0co zosta\u0142o potwierdzone w ramach umowy mi\u0119dzy Komisj\u0105 Europejsk\u0105 a USA.);<br \/>3) dostawcy systemu do fakturowania \u2013 w celu korzystania z systemu do fakturowania, w kt\u00f3rym przetwarzane s\u0105 Twoje dane, je\u017celi wystawiamy dla Ciebie faktur\u0119;<br \/>4) firmie ksi\u0119gowej \u2013 w celu korzystania z us\u0142ug zewn\u0119trznego biura ksi\u0119gowego, kt\u00f3re wi\u0105\u017c\u0105 si\u0119 z przetwarzaniem Twoich danych, je\u017celi wystawiamy dla Ciebie faktur\u0119;<br \/>5) firmie informatycznej \u2013 w celu wsparcia us\u0142ug IT, kt\u00f3re wi\u0105\u017c\u0105 si\u0119 z mo\u017cliwo\u015bci\u0105 uzyskania przez podmiot \u015bwiadcz\u0105cy us\u0142ugi dost\u0119pu do Twoich danych osobowych;<br \/>6) firmie \u015bwiadcz\u0105cej us\u0142ugi pocztowe\/kurierskie \u2013 w celu dostarczenia Ci produktu zakupionego w sklepie;<br \/>7) firmie obs\u0142uguj\u0105cej systemy p\u0142atno\u015bci \u2013 w celu obs\u0142ugi p\u0142atno\u015bci.<br \/>8) agencji, kt\u00f3ra realizuje dla nas kampanie reklamowe.<\/p>\r\n<p>Zapewniamy jednak, \u017ce podmioty te gwarantuj\u0105 stosowanie odpowiednich \u015brodk\u00f3w ochrony i bezpiecze\u0144stwa danych osobowych wymaganych przez przepisy prawa.<\/p>\r\n<h3><b>VIII. Bezpiecze\u0144stwo i poufno\u015b\u0107.<\/b><\/h3>\r\n<p>Gwarantujemy Ci, \u017ce zabezpieczenie Twoich danych osobowych ma dla nas wysoki priorytet. Wszelkie dane osobowe, jakie nam przekazujesz s\u0105 odpowiednio chronione przed dost\u0119pem do nich przez osoby do tego nieupowa\u017cnione. Zapewniamy Ci poufno\u015b\u0107 wszelkich przekazanych nam danych osobowych, a tak\u017ce podj\u0119cie wszelkich \u015brodk\u00f3w bezpiecze\u0144stwa i ochrony danych osobowych wymaganych przez przepisy o ochronie danych osobowych.<\/p>\r\n<h2><b>II. PLIKI COOKIES I INNE TECHNOLOGIE \u015aLEDZ\u0104CE<\/b><\/h2>\r\n<p>Nasza strona, podobnie jak niemal wszystkie inne strony internetowe, wykorzystuje pliki cookies, by zapewni\u0107 Ci najlepsze mo\u017cliwo\u015bci zwi\u0105zane z korzystaniem z niej. Cookies to niewielkie informacje tekstowe, przechowywane na Twoim urz\u0105dzeniu ko\u0144cowym (np. komputerze, tablecie, smartfonie), kt\u00f3re mog\u0105 by\u0107 odczytywane przez nasz system teleinformatyczny, a tak\u017ce przez systemy teleinformatyczne nale\u017c\u0105ce do innych podmiot\u00f3w, z kt\u00f3rych us\u0142ug korzystamy (np. Googla\u2019a). Cookies mo\u017cna podzieli\u0107 na cookies w\u0142asne oraz cookie podmiot\u00f3w trzecich.<\/p>\r\n<h4><b>Zgoda na cookies.<\/b><\/h4>\r\n<p>Podczas pierwszej wizyty na naszej stronie wy\u015bwietlana jest Ci informacja na temat stosowania plik\u00f3w cookies wraz z pytaniem o zgod\u0119 na wykorzystywanie plik\u00f3w cookies. Pami\u0119taj, \u017ce ustawienia cookies zawsze mo\u017cesz zmieni\u0107 z poziomu swojej przegl\u0105darki, mo\u017cesz te\u017c w og\u00f3le usun\u0105\u0107 pliki cookies. Pami\u0119taj jednak, \u017ce wy\u0142\u0105czenie plik\u00f3w cookies mo\u017ce powodowa\u0107 trudno\u015bci w korzystaniu ze strony.<\/p>\r\n<p>Pod poni\u017cszymi linkami zamieszczone s\u0105 informacje o sposobach usuni\u0119cia cookies w najpopularniejszych przegl\u0105darkach internetowych:<br \/>Firefox:\u00a0<a href=\"http:\/\/support.mozilla.org\/pl\/kb\/usuwanie-ciasteczek\"><u>http:\/\/support.mozilla.org\/pl\/kb\/usuwanie-ciasteczek<\/u><\/a>,<br \/>Opera:\u00a0<a href=\"http:\/\/help.opera.com\/Linux\/9.60\/pl\/cookies.html\"><u>http:\/\/help.opera.com\/Linux\/9.60\/pl\/cookies.html<\/u><\/a>,<br \/>Internet Explorer:\u00a0<a href=\"http:\/\/support.microsoft.com\/kb\/278835\/pl\"><u>http:\/\/support.microsoft.com\/kb\/278835\/pl<\/u><\/a>,<br \/>Chrome:\u00a0<a href=\"http:\/\/support.google.com\/chrome\/bin\/answer.py?hl=pl&amp;answer=95647\"><u>http:\/\/support.google.com\/chrome\/bin\/answer.py?hl=pl&amp;answer=95647<\/u><\/a><\/p>\r\n<h4><b>Cookies w\u0142asne.<\/b><\/h4>\r\n<p>Cookies w\u0142asne wykorzystujemy w celu zapewnienia prawid\u0142owego dzia\u0142ania strony, a w szczeg\u00f3lno\u015bci Cookies pozwalaj\u0105 nam:<br \/>\u2022 zapewni\u0107 prawid\u0142owe funkcjonowanie strony i zwi\u0119kszy\u0107 komfort przegl\u0105dania strony, w tym s\u0142u\u017c\u0105 do utrzymania sesji w trakcie zakupu, dzi\u0119ki kt\u00f3rej Kupuj\u0105cy nie musi na ka\u017cdej podstronie Serwisu ponownie wpisywa\u0107 loginu i has\u0142a;<br \/>\u2022 poprawi\u0107 szybko\u015b\u0107 i bezpiecze\u0144stwo korzystania ze strony,<br \/>\u2022 ulepsza\u0107 funkcje dost\u0119pne dla Ciebie na stronie,<br \/>\u2022 korzysta\u0107 z narz\u0119dzi analitycznych,<br \/>\u2022 korzysta\u0107 z narz\u0119dzi marketingowych,<br \/>\u2022 korzysta\u0107 z systemu komentarzy,<br \/>\u2022 wy\u015bwietla\u0107 na stronach filmy z serwisu YouTube,<br \/>\u2022 zapewnia\u0107 funkcje spo\u0142eczno\u015bciowe<\/p>\r\n<h4><b>Cookies podmiot\u00f3w trzecich.<\/b><\/h4>\r\n<p>Nasza strona, podobnie jak wi\u0119kszo\u015b\u0107 stron internetowych, wykorzystuje funkcje zapewniane przez podmioty trzecie, co wi\u0105\u017ce si\u0119 z wykorzystywaniem plik\u00f3w cookies pochodz\u0105cych od tych podmiot\u00f3w. Szczeg\u00f3\u0142y poni\u017cej.<\/p>\r\n<h4><b>Analiza i statystyka.<\/b><\/h4>\r\n<p>Wykorzystujemy cookies do \u015bledzenia statystyk strony, takich jak liczba os\u00f3b odwiedzaj\u0105cych, rodzaj systemu operacyjnego i przegl\u0105darki internetowej wykorzystywanej do przegl\u0105dania strony, czas sp\u0119dzony na stronie, odwiedzone podstrony, itd.. Korzystamy w tym zakresie z Google Analytics, co wi\u0105\u017ce si\u0119 z wykorzystaniem plik\u00f3w cookies firmy Google LLC\u00a0(1600 Amphitheatre Parkway, Mountain View, CA 94043, USA).\u00a0Statystyki strony i ich analiz\u0119 stosujemy w celu optymalizacji naszej strony \u2013 dzia\u0142ania w tym zakresie opieramy na naszym prawnie uzasadnionym interesie (art. 6 ust. 1 lit. f RODO). Google LLC posiada siedzib\u0119\u00a0poza Uni\u0105 Europejsk\u0105, przyst\u0105pi\u0142 jednak do programu Privacy Shield i gwarantuje odpowiedni poziom ochrony i bezpiecze\u0144stwa danych osobowych, co zosta\u0142o potwierdzone w ramach umowy mi\u0119dzy Komisj\u0105 Europejsk\u0105 a USA. Informujemy, \u017ce\u00a0pod adresem\u00a0<a href=\"https:\/\/tools.google.com\/dlpage\/gaoptout\">https:\/\/tools.google.com\/dlpage\/gaoptout<\/a>\u00a0mo\u017cesz pobra\u0107 dodatek do przegl\u0105darki blokuj\u0105cy Google Analytics.<\/p>\r\n<h4><b>Narz\u0119dzia spo\u0142eczno\u015bciowe, wideo.<\/b><\/h4>\r\n<p>Zapewniamy mo\u017cliwo\u015b\u0107 korzystania z funkcji spo\u0142eczno\u015bciowych, takich jak udost\u0119pnianie tre\u015bci w serwisach spo\u0142eczno\u015bciowych oraz subskrypcja profilu spo\u0142eczno\u015bciowego. Korzystanie z tych funkcji wi\u0105\u017ce si\u0119 z wykorzystywaniem plik\u00f3w cookies administrator\u00f3w serwis\u00f3w spo\u0142eczno\u015bciowych, takich jak Facebook, Instagram, YouTube, Twitter, Google+, LinkedIN. Osadzamy na stronie nagrania wideo z serwisu YouTube. Gdy odtwarzasz takie nagrania, wykorzystywane s\u0105 pliki cookies firmy Google LLC dotycz\u0105ce us\u0142ugi YouTube.<\/p>\r\n<p>Zach\u0119camy do zapoznania si\u0119 ze szczeg\u00f3\u0142ami polityk prywatno\u015bci poszczeg\u00f3lnych us\u0142ugodawc\u00f3w.<\/p>\r\n<h4><b>Logi serwera.<\/b><\/h4>\r\n<p>Korzystanie ze strony wi\u0105\u017ce si\u0119 z przesy\u0142aniem zapyta\u0144 do serwera, na kt\u00f3rym przechowywana jest strona. Ka\u017cde zapytanie skierowane do serwera zapisywane jest w logach serwera. Logi obejmuj\u0105 m.in. Tw\u00f3j adres IP, dat\u0119 i czas serwera, informacje o przegl\u0105darce internetowej i systemie operacyjnym z jakiego korzystasz. Logi zapisywane i przechowywane s\u0105 na serwerze. Dane zapisane w logach serwera nie s\u0105 kojarzone z konkretnymi osobami korzystaj\u0105cymi ze strony i nie s\u0105 wykorzystywane przez nas w celu Twojej identyfikacji. Logi serwera stanowi\u0105 wy\u0142\u0105cznie materia\u0142 pomocniczy s\u0142u\u017c\u0105cy do administrowania stron\u0105, a ich zawarto\u015b\u0107 nie jest ujawniana nikomu poza osobami upowa\u017cnionymi do administrowania serwerem.<\/p>\r\n<p>W zakresie nieuregulowanym niniejsz\u0105 Polityk\u0105 prywatno\u015bci obowi\u0105zuj\u0105 przepisy o ochronie danych osobowych.\u00a0Zastrzegamy sobie prawo do zmiany postanowie\u0144 niniejszej Polityki prywatno\u015bci (z uwagi na zmian\u0119 przepis\u00f3w prawa, z uwagi na to, \u017ce nasza oferta b\u0119dzie z czasem ulega\u0107 rozszerzeniu, zmianie mog\u0105 ulega\u0107 stosowane technologie, zmieniaj\u0105 si\u0119 standardy i wymagania zwi\u0105zane z prowadzeniem dzia\u0142alno\u015bci w Internecie). Zalecamy przegl\u0105danie Polityki prywatno\u015bci przed podj\u0119ciem jakichkolwiek dzia\u0142a\u0144 na stronie.<\/p>\r\n","protected":false},"excerpt":{"rendered":"<p>POLITYKA PRYWATNO\u015aCI I PLIK\u00d3W COOKIES (obowi\u0105zuje od 25 maja 2018 roku) Niniejsza polityka prywatno\u015bci i plik\u00f3w cookies opisuje zasady przetwarzania&#8230;<\/p>\n","protected":false},"author":1,"featured_media":0,"parent":0,"menu_order":0,"comment_status":"closed","ping_status":"open","template":"","meta":{"jetpack_post_was_ever_published":false,"footnotes":""},"class_list":["post-3","page","type-page","status-publish","hentry"],"jetpack_sharing_enabled":true,"_links":{"self":[{"href":"https:\/\/ignacytrzewiczek.com\/pl\/wp-json\/wp\/v2\/pages\/3","targetHints":{"allow":["GET"]}}],"collection":[{"href":"https:\/\/ignacytrzewiczek.com\/pl\/wp-json\/wp\/v2\/pages"}],"about":[{"href":"https:\/\/ignacytrzewiczek.com\/pl\/wp-json\/wp\/v2\/types\/page"}],"author":[{"embeddable":true,"href":"https:\/\/ignacytrzewiczek.com\/pl\/wp-json\/wp\/v2\/users\/1"}],"replies":[{"embeddable":true,"href":"https:\/\/ignacytrzewiczek.com\/pl\/wp-json\/wp\/v2\/comments?post=3"}],"version-history":[{"count":1,"href":"https:\/\/ignacytrzewiczek.com\/pl\/wp-json\/wp\/v2\/pages\/3\/revisions"}],"predecessor-version":[{"id":6430,"href":"https:\/\/ignacytrzewiczek.com\/pl\/wp-json\/wp\/v2\/pages\/3\/revisions\/6430"}],"wp:attachment":[{"href":"https:\/\/ignacytrzewiczek.com\/pl\/wp-json\/wp\/v2\/media?parent=3"}],"curies":[{"name":"wp","href":"https:\/\/api.w.org\/{rel}","templated":true}]}}